{"id":8905,"date":"2026-04-09T15:30:32","date_gmt":"2026-04-09T15:30:32","guid":{"rendered":"https:\/\/eventosmogan.com\/?post_type=product&#038;p=8905"},"modified":"2026-04-14T11:27:50","modified_gmt":"2026-04-14T11:27:50","slug":"v-jornadas-de-educacion-herramientas-para-la-gestion-conductual-profesionales","status":"publish","type":"product","link":"https:\/\/eventosmogan.com\/en\/product\/v-jornadas-de-educacion-herramientas-para-la-gestion-conductual-profesionales\/","title":{"rendered":"V Jornadas de Educaci\u00f3n \u2013 Herramientas para la Gesti\u00f3n Conductual | PROFESIONALES"},"content":{"rendered":"<p data-start=\"75\" data-end=\"415\">El Ayuntamiento de Mog\u00e1n organiza, dentro de las <strong data-start=\"124\" data-end=\"151\">V Jornadas de Educaci\u00f3n<\/strong>, una sesi\u00f3n especializada bajo el t\u00edtulo <strong data-start=\"193\" data-end=\"238\">\u201cHerramientas para la Gesti\u00f3n Conductual\u201d<\/strong>, dirigida a profesionales. Un encuentro orientado a ofrecer recursos, estrategias y enfoques pr\u00e1cticos para la intervenci\u00f3n y el acompa\u00f1amiento desde una perspectiva inclusiva.<\/p>\n<p data-start=\"417\" data-end=\"433\"><strong data-start=\"417\" data-end=\"433\">Fecha y hora<\/strong><\/p>\n<p data-start=\"435\" data-end=\"499\">\ud83d\udcc5 <strong data-start=\"438\" data-end=\"467\">Lunes, 25 de mayo de 2026<\/strong><br data-start=\"467\" data-end=\"470\" \/>\ud83d\udd59 <strong data-start=\"473\" data-end=\"499\">De 10:00 a 12:00 horas<\/strong><\/p>\n<p data-start=\"501\" data-end=\"510\"><strong data-start=\"501\" data-end=\"510\">Lugar<\/strong><\/p>\n<p data-start=\"512\" data-end=\"554\">\ud83d\udccd <strong data-start=\"515\" data-end=\"554\">Edificio Polivalente de Arguinegu\u00edn<\/strong><\/p>\n<p data-start=\"556\" data-end=\"567\"><strong data-start=\"556\" data-end=\"567\">Ponente<\/strong><\/p>\n<p data-start=\"569\" data-end=\"635\"><strong data-start=\"569\" data-end=\"596\">D. Rayco Quesada Calero<\/strong><br data-start=\"596\" data-end=\"599\" \/>Dinamizador de pr\u00e1cticas inclusivas.<\/p>\n<p data-start=\"637\" data-end=\"662\"><strong data-start=\"637\" data-end=\"662\">Informaci\u00f3n adicional<\/strong><\/p>\n<p data-start=\"664\" data-end=\"811\">\ud83c\udf9f\ufe0f <strong data-start=\"668\" data-end=\"681\">Entradas:<\/strong> A trav\u00e9s del portal <strong data-start=\"702\" data-end=\"722\">eventosmogan.com<\/strong><br data-start=\"722\" data-end=\"725\" \/>\ud83e\uddf8 <strong data-start=\"728\" data-end=\"753\">Servicio de ludoteca:<\/strong> Disponible con previa inscripci\u00f3n<br data-start=\"787\" data-end=\"790\" \/>\u26a0\ufe0f <strong data-start=\"793\" data-end=\"811\">Aforo limitado<\/strong><\/p>\n<p data-start=\"813\" data-end=\"938\"><strong data-start=\"813\" data-end=\"847\">Contacto para m\u00e1s informaci\u00f3n:<\/strong><br data-start=\"847\" data-end=\"850\" \/>\u260e\ufe0f <strong data-start=\"853\" data-end=\"866\">Tel\u00e9fono:<\/strong> 928 15 88 00 Ext. 5153 \/ 679 294 482<br data-start=\"903\" data-end=\"906\" \/>\ud83d\udce7 <strong data-start=\"909\" data-end=\"919\">Email:<\/strong> <a class=\"decorated-link cursor-pointer\" rel=\"noopener\" data-start=\"920\" data-end=\"938\">educacion@mogan.es<\/a><\/p>\n<p data-start=\"940\" data-end=\"954\"><strong data-start=\"940\" data-end=\"954\">Organizan:<\/strong><\/p>\n<p data-start=\"956\" data-end=\"1003\">Ayuntamiento de Mog\u00e1n<br data-start=\"977\" data-end=\"980\" \/>Concejal\u00eda de Educaci\u00f3n<\/p>","protected":false},"excerpt":{"rendered":"<p>Sesi\u00f3n dirigida a profesionales del \u00e1mbito educativo y social dentro de las V Jornadas de Educaci\u00f3n de Mog\u00e1n. Un espacio pr\u00e1ctico para abordar herramientas \u00fatiles en la gesti\u00f3n conductual desde un enfoque inclusivo.<\/p>","protected":false},"author":1,"featured_media":8906,"template":"","meta":{"_acf_changed":false,"_et_pb_use_builder":"","_et_pb_old_content":"","_et_gb_content_width":""},"product_brand":[],"product_cat":[27],"product_tag":[],"class_list":{"0":"post-8905","1":"product","2":"type-product","3":"status-publish","4":"has-post-thumbnail","6":"product_cat-exposiciones","8":"first","9":"instock","10":"downloadable","11":"virtual","12":"purchasable","13":"product-type-simple"},"group_of_quantity":0,"min_quantity":1,"max_quantity":4,"exclude_order_quantity_value_rules":"no","exclude_category_quantity_rules":"no","combine_variations":"no","acf":[],"_links":{"self":[{"href":"https:\/\/eventosmogan.com\/en\/wp-json\/wp\/v2\/product\/8905","targetHints":{"allow":["GET"]}}],"collection":[{"href":"https:\/\/eventosmogan.com\/en\/wp-json\/wp\/v2\/product"}],"about":[{"href":"https:\/\/eventosmogan.com\/en\/wp-json\/wp\/v2\/types\/product"}],"author":[{"embeddable":true,"href":"https:\/\/eventosmogan.com\/en\/wp-json\/wp\/v2\/users\/1"}],"wp:featuredmedia":[{"embeddable":true,"href":"https:\/\/eventosmogan.com\/en\/wp-json\/wp\/v2\/media\/8906"}],"wp:attachment":[{"href":"https:\/\/eventosmogan.com\/en\/wp-json\/wp\/v2\/media?parent=8905"}],"wp:term":[{"taxonomy":"product_brand","embeddable":true,"href":"https:\/\/eventosmogan.com\/en\/wp-json\/wp\/v2\/product_brand?post=8905"},{"taxonomy":"product_cat","embeddable":true,"href":"https:\/\/eventosmogan.com\/en\/wp-json\/wp\/v2\/product_cat?post=8905"},{"taxonomy":"product_tag","embeddable":true,"href":"https:\/\/eventosmogan.com\/en\/wp-json\/wp\/v2\/product_tag?post=8905"}],"curies":[{"name":"wp","href":"https:\/\/api.w.org\/{rel}","templated":true}]}}