{"id":8907,"date":"2026-03-26T12:43:20","date_gmt":"2026-03-26T12:43:20","guid":{"rendered":"https:\/\/eventosmogan.com\/?post_type=product&#038;p=8907"},"modified":"2026-04-16T14:38:24","modified_gmt":"2026-04-16T14:38:24","slug":"v-jornadas-de-educacion-herramientas-para-la-gestion-conductual-familias","status":"publish","type":"product","link":"https:\/\/eventosmogan.com\/en\/product\/v-jornadas-de-educacion-herramientas-para-la-gestion-conductual-familias\/","title":{"rendered":"V Jornadas de Educaci\u00f3n \u2013 Herramientas para la Gesti\u00f3n Conductual | FAMILIAS"},"content":{"rendered":"<p data-start=\"1034\" data-end=\"1355\">El Ayuntamiento de Mog\u00e1n organiza, dentro de las <strong data-start=\"1083\" data-end=\"1110\">V Jornadas de Educaci\u00f3n<\/strong>, una sesi\u00f3n bajo el t\u00edtulo <strong data-start=\"1138\" data-end=\"1183\">\u201cHerramientas para la Gesti\u00f3n Conductual\u201d<\/strong>, dirigida a familias. Un espacio pensado para compartir herramientas \u00fatiles, comprensi\u00f3n y orientaci\u00f3n pr\u00e1ctica para afrontar la gesti\u00f3n conductual en el entorno familiar.<\/p>\n<p data-start=\"1357\" data-end=\"1373\"><strong data-start=\"1357\" data-end=\"1373\">Fecha y hora<\/strong><\/p>\n<p data-start=\"1375\" data-end=\"1439\">\ud83d\udcc5 <strong data-start=\"1378\" data-end=\"1407\">Lunes, 25 de mayo de 2026<\/strong><br data-start=\"1407\" data-end=\"1410\" \/>\ud83d\udd60 <strong data-start=\"1413\" data-end=\"1439\">De 17:30 a 19:30 horas<\/strong><\/p>\n<p data-start=\"1441\" data-end=\"1450\"><strong data-start=\"1441\" data-end=\"1450\">Lugar<\/strong><\/p>\n<p data-start=\"1452\" data-end=\"1494\">\ud83d\udccd <strong data-start=\"1455\" data-end=\"1494\">Edificio Polivalente de Arguinegu\u00edn<\/strong><\/p>\n<p data-start=\"1496\" data-end=\"1507\"><strong data-start=\"1496\" data-end=\"1507\">Ponente<\/strong><\/p>\n<p data-start=\"1509\" data-end=\"1575\"><strong data-start=\"1509\" data-end=\"1536\">D. Rayco Quesada Calero<\/strong><br data-start=\"1536\" data-end=\"1539\" \/>Dinamizador de pr\u00e1cticas inclusivas.<\/p>\n<p data-start=\"1577\" data-end=\"1602\"><strong data-start=\"1577\" data-end=\"1602\">Informaci\u00f3n adicional<\/strong><\/p>\n<p data-start=\"1604\" data-end=\"1751\">\ud83c\udf9f\ufe0f <strong data-start=\"1608\" data-end=\"1621\">Entradas:<\/strong> A trav\u00e9s del portal <strong data-start=\"1642\" data-end=\"1662\">eventosmogan.com<\/strong><br data-start=\"1662\" data-end=\"1665\" \/>\ud83e\uddf8 <strong data-start=\"1668\" data-end=\"1693\">Servicio de ludoteca:<\/strong> Disponible con previa inscripci\u00f3n<br data-start=\"1727\" data-end=\"1730\" \/>\u26a0\ufe0f <strong data-start=\"1733\" data-end=\"1751\">Aforo limitado<\/strong><\/p>\n<p data-start=\"1753\" data-end=\"1878\"><strong data-start=\"1753\" data-end=\"1787\">Contacto para m\u00e1s informaci\u00f3n:<\/strong><br data-start=\"1787\" data-end=\"1790\" \/>\u260e\ufe0f <strong data-start=\"1793\" data-end=\"1806\">Tel\u00e9fono:<\/strong> 928 15 88 00 Ext. 5153 \/ 679 294 482<br data-start=\"1843\" data-end=\"1846\" \/>\ud83d\udce7 <strong data-start=\"1849\" data-end=\"1859\">Email:<\/strong> <a class=\"decorated-link cursor-pointer\" rel=\"noopener\" data-start=\"1860\" data-end=\"1878\">educacion@mogan.es<\/a><\/p>\n<p data-start=\"1880\" data-end=\"1894\"><strong data-start=\"1880\" data-end=\"1894\">Organizan:<\/strong><\/p>\n<p data-start=\"1896\" data-end=\"1943\">Ayuntamiento de Mog\u00e1n<br data-start=\"1917\" data-end=\"1920\" \/>Concejal\u00eda de Educaci\u00f3n<\/p>","protected":false},"excerpt":{"rendered":"<p>Sesi\u00f3n dirigida a profesionales del \u00e1mbito educativo y social dentro de las V Jornadas de Educaci\u00f3n de Mog\u00e1n. Un espacio pr\u00e1ctico para abordar herramientas \u00fatiles en la gesti\u00f3n conductual desde un enfoque inclusivo.<\/p>","protected":false},"author":1,"featured_media":8906,"template":"","meta":{"_acf_changed":false,"_et_pb_use_builder":"","_et_pb_old_content":"","_et_gb_content_width":""},"product_brand":[],"product_cat":[27],"product_tag":[],"class_list":{"0":"post-8907","1":"product","2":"type-product","3":"status-publish","4":"has-post-thumbnail","6":"product_cat-exposiciones","8":"first","9":"instock","10":"downloadable","11":"virtual","12":"purchasable","13":"product-type-simple"},"group_of_quantity":0,"min_quantity":1,"max_quantity":4,"exclude_order_quantity_value_rules":"no","exclude_category_quantity_rules":"no","combine_variations":"no","acf":[],"_links":{"self":[{"href":"https:\/\/eventosmogan.com\/en\/wp-json\/wp\/v2\/product\/8907","targetHints":{"allow":["GET"]}}],"collection":[{"href":"https:\/\/eventosmogan.com\/en\/wp-json\/wp\/v2\/product"}],"about":[{"href":"https:\/\/eventosmogan.com\/en\/wp-json\/wp\/v2\/types\/product"}],"author":[{"embeddable":true,"href":"https:\/\/eventosmogan.com\/en\/wp-json\/wp\/v2\/users\/1"}],"wp:featuredmedia":[{"embeddable":true,"href":"https:\/\/eventosmogan.com\/en\/wp-json\/wp\/v2\/media\/8906"}],"wp:attachment":[{"href":"https:\/\/eventosmogan.com\/en\/wp-json\/wp\/v2\/media?parent=8907"}],"wp:term":[{"taxonomy":"product_brand","embeddable":true,"href":"https:\/\/eventosmogan.com\/en\/wp-json\/wp\/v2\/product_brand?post=8907"},{"taxonomy":"product_cat","embeddable":true,"href":"https:\/\/eventosmogan.com\/en\/wp-json\/wp\/v2\/product_cat?post=8907"},{"taxonomy":"product_tag","embeddable":true,"href":"https:\/\/eventosmogan.com\/en\/wp-json\/wp\/v2\/product_tag?post=8907"}],"curies":[{"name":"wp","href":"https:\/\/api.w.org\/{rel}","templated":true}]}}